{"id":189,"date":"2016-05-08T17:22:51","date_gmt":"2016-05-08T15:22:51","guid":{"rendered":"https:\/\/oceanwp.org\/gym\/?page_id=189"},"modified":"2021-11-25T00:55:48","modified_gmt":"2021-11-24T23:55:48","slug":"cabinet","status":"publish","type":"page","link":"https:\/\/www.wefa-agency.com\/?page_id=189","title":{"rendered":"LE CABINET"},"content":{"rendered":"\t\t<div data-elementor-type=\"wp-page\" data-elementor-id=\"189\" class=\"elementor elementor-189\">\n\t\t\t\t\t\t\t\t\t<section class=\"elementor-section elementor-top-section elementor-element elementor-element-afc7c7e elementor-section-boxed elementor-section-height-default elementor-section-height-default\" data-id=\"afc7c7e\" data-element_type=\"section\" data-settings=\"{&quot;background_background&quot;:&quot;classic&quot;}\">\n\t\t\t\t\t\t<div class=\"elementor-container elementor-column-gap-default\">\n\t\t\t\t\t<div class=\"elementor-column elementor-col-100 elementor-top-column elementor-element elementor-element-2e97f24\" data-id=\"2e97f24\" data-element_type=\"column\">\n\t\t\t<div class=\"elementor-widget-wrap elementor-element-populated\">\n\t\t\t\t\t\t\t\t<div class=\"elementor-element elementor-element-59d92b2 elementor-widget elementor-widget-spacer\" data-id=\"59d92b2\" data-element_type=\"widget\" data-widget_type=\"spacer.default\">\n\t\t\t\t<div class=\"elementor-widget-container\">\n\t\t\t<style>\/*! elementor - v3.18.0 - 20-12-2023 *\/\n.elementor-column .elementor-spacer-inner{height:var(--spacer-size)}.e-con{--container-widget-width:100%}.e-con-inner>.elementor-widget-spacer,.e-con>.elementor-widget-spacer{width:var(--container-widget-width,var(--spacer-size));--align-self:var(--container-widget-align-self,initial);--flex-shrink:0}.e-con-inner>.elementor-widget-spacer>.elementor-widget-container,.e-con>.elementor-widget-spacer>.elementor-widget-container{height:100%;width:100%}.e-con-inner>.elementor-widget-spacer>.elementor-widget-container>.elementor-spacer,.e-con>.elementor-widget-spacer>.elementor-widget-container>.elementor-spacer{height:100%}.e-con-inner>.elementor-widget-spacer>.elementor-widget-container>.elementor-spacer>.elementor-spacer-inner,.e-con>.elementor-widget-spacer>.elementor-widget-container>.elementor-spacer>.elementor-spacer-inner{height:var(--container-widget-height,var(--spacer-size))}.e-con-inner>.elementor-widget-spacer.elementor-widget-empty,.e-con>.elementor-widget-spacer.elementor-widget-empty{position:relative;min-height:22px;min-width:22px}.e-con-inner>.elementor-widget-spacer.elementor-widget-empty .elementor-widget-empty-icon,.e-con>.elementor-widget-spacer.elementor-widget-empty .elementor-widget-empty-icon{position:absolute;top:0;bottom:0;left:0;right:0;margin:auto;padding:0;width:22px;height:22px}<\/style>\t\t<div class=\"elementor-spacer\">\n\t\t\t<div class=\"elementor-spacer-inner\"><\/div>\n\t\t<\/div>\n\t\t\t\t<\/div>\n\t\t\t\t<\/div>\n\t\t\t\t<div class=\"elementor-element elementor-element-e970cf3 elementor-widget elementor-widget-heading\" data-id=\"e970cf3\" data-element_type=\"widget\" data-widget_type=\"heading.default\">\n\t\t\t\t<div class=\"elementor-widget-container\">\n\t\t\t<style>\/*! elementor - v3.18.0 - 20-12-2023 *\/\n.elementor-heading-title{padding:0;margin:0;line-height:1}.elementor-widget-heading .elementor-heading-title[class*=elementor-size-]>a{color:inherit;font-size:inherit;line-height:inherit}.elementor-widget-heading .elementor-heading-title.elementor-size-small{font-size:15px}.elementor-widget-heading .elementor-heading-title.elementor-size-medium{font-size:19px}.elementor-widget-heading .elementor-heading-title.elementor-size-large{font-size:29px}.elementor-widget-heading .elementor-heading-title.elementor-size-xl{font-size:39px}.elementor-widget-heading .elementor-heading-title.elementor-size-xxl{font-size:59px}<\/style><h2 class=\"elementor-heading-title elementor-size-default\">UN MOT SUR LE CABINET<\/h2>\t\t<\/div>\n\t\t\t\t<\/div>\n\t\t\t\t\t<\/div>\n\t\t<\/div>\n\t\t\t\t\t\t\t<\/div>\n\t\t<\/section>\n\t\t\t\t<section class=\"elementor-section elementor-top-section elementor-element elementor-element-593649b elementor-section-boxed elementor-section-height-default elementor-section-height-default\" data-id=\"593649b\" data-element_type=\"section\" data-settings=\"{&quot;background_background&quot;:&quot;classic&quot;}\">\n\t\t\t\t\t\t<div class=\"elementor-container elementor-column-gap-default\">\n\t\t\t\t\t<div class=\"elementor-column elementor-col-50 elementor-top-column elementor-element elementor-element-ff99068\" data-id=\"ff99068\" data-element_type=\"column\">\n\t\t\t<div class=\"elementor-widget-wrap elementor-element-populated\">\n\t\t\t\t\t\t\t\t<div class=\"elementor-element elementor-element-79867a0 elementor-widget elementor-widget-spacer\" data-id=\"79867a0\" data-element_type=\"widget\" data-widget_type=\"spacer.default\">\n\t\t\t\t<div class=\"elementor-widget-container\">\n\t\t\t\t\t<div class=\"elementor-spacer\">\n\t\t\t<div class=\"elementor-spacer-inner\"><\/div>\n\t\t<\/div>\n\t\t\t\t<\/div>\n\t\t\t\t<\/div>\n\t\t\t\t<div class=\"elementor-element elementor-element-5fa5d02 elementor-widget elementor-widget-image\" data-id=\"5fa5d02\" data-element_type=\"widget\" data-widget_type=\"image.default\">\n\t\t\t\t<div class=\"elementor-widget-container\">\n\t\t\t<style>\/*! elementor - v3.18.0 - 20-12-2023 *\/\n.elementor-widget-image{text-align:center}.elementor-widget-image a{display:inline-block}.elementor-widget-image a img[src$=\".svg\"]{width:48px}.elementor-widget-image img{vertical-align:middle;display:inline-block}<\/style>\t\t\t\t\t\t\t\t\t\t\t\t<img fetchpriority=\"high\" decoding=\"async\" width=\"1024\" height=\"683\" src=\"https:\/\/www.wefa-agency.com\/wp-content\/uploads\/2021\/10\/fisherman-4694622_1920-1-1024x683.jpg\" class=\"attachment-large size-large wp-image-882\" alt=\"\" srcset=\"https:\/\/www.wefa-agency.com\/wp-content\/uploads\/2021\/10\/fisherman-4694622_1920-1-1024x683.jpg 1024w, https:\/\/www.wefa-agency.com\/wp-content\/uploads\/2021\/10\/fisherman-4694622_1920-1-300x200.jpg 300w, https:\/\/www.wefa-agency.com\/wp-content\/uploads\/2021\/10\/fisherman-4694622_1920-1-768x512.jpg 768w, https:\/\/www.wefa-agency.com\/wp-content\/uploads\/2021\/10\/fisherman-4694622_1920-1-1536x1024.jpg 1536w, https:\/\/www.wefa-agency.com\/wp-content\/uploads\/2021\/10\/fisherman-4694622_1920-1.jpg 1920w\" sizes=\"(max-width: 1024px) 100vw, 1024px\" \/>\t\t\t\t\t\t\t\t\t\t\t\t\t\t\t<\/div>\n\t\t\t\t<\/div>\n\t\t\t\t<div class=\"elementor-element elementor-element-c5a4f12 elementor-hidden-mobile elementor-widget elementor-widget-spacer\" data-id=\"c5a4f12\" data-element_type=\"widget\" data-widget_type=\"spacer.default\">\n\t\t\t\t<div class=\"elementor-widget-container\">\n\t\t\t\t\t<div class=\"elementor-spacer\">\n\t\t\t<div class=\"elementor-spacer-inner\"><\/div>\n\t\t<\/div>\n\t\t\t\t<\/div>\n\t\t\t\t<\/div>\n\t\t\t\t\t<\/div>\n\t\t<\/div>\n\t\t\t\t<div class=\"elementor-column elementor-col-50 elementor-top-column elementor-element elementor-element-a759da0\" data-id=\"a759da0\" data-element_type=\"column\">\n\t\t\t<div class=\"elementor-widget-wrap elementor-element-populated\">\n\t\t\t\t\t\t\t\t<div class=\"elementor-element elementor-element-9298485 elementor-widget elementor-widget-spacer\" data-id=\"9298485\" data-element_type=\"widget\" data-widget_type=\"spacer.default\">\n\t\t\t\t<div class=\"elementor-widget-container\">\n\t\t\t\t\t<div class=\"elementor-spacer\">\n\t\t\t<div class=\"elementor-spacer-inner\"><\/div>\n\t\t<\/div>\n\t\t\t\t<\/div>\n\t\t\t\t<\/div>\n\t\t\t\t<div class=\"elementor-element elementor-element-6a4ec55 elementor-widget elementor-widget-text-editor\" data-id=\"6a4ec55\" data-element_type=\"widget\" data-widget_type=\"text-editor.default\">\n\t\t\t\t<div class=\"elementor-widget-container\">\n\t\t\t<style>\/*! elementor - v3.18.0 - 20-12-2023 *\/\n.elementor-widget-text-editor.elementor-drop-cap-view-stacked .elementor-drop-cap{background-color:#69727d;color:#fff}.elementor-widget-text-editor.elementor-drop-cap-view-framed .elementor-drop-cap{color:#69727d;border:3px solid;background-color:transparent}.elementor-widget-text-editor:not(.elementor-drop-cap-view-default) .elementor-drop-cap{margin-top:8px}.elementor-widget-text-editor:not(.elementor-drop-cap-view-default) .elementor-drop-cap-letter{width:1em;height:1em}.elementor-widget-text-editor .elementor-drop-cap{float:left;text-align:center;line-height:1;font-size:50px}.elementor-widget-text-editor .elementor-drop-cap-letter{display:inline-block}<\/style>\t\t\t\t<p>Le cabinet WEFA a \u00e9t\u00e9 con\u00e7u pour d\u00e9livrer une expertise quel que soit votre statut, votre niveau de r\u00e9mun\u00e9ration ou vos besoins.<\/p><p>Ainsi se mat\u00e9rialise la vision novatrice port\u00e9e par le fondateur et les experts ayant exerc\u00e9 par les plus gros cabinets de conseil fran\u00e7ais.\u00a0<\/p><p>Ce d\u00e9nominateur commun ayant men\u00e9 \u00e0 la cr\u00e9ation de l\u2019entit\u00e9 est la volont\u00e9 d\u2019aligner nos int\u00e9r\u00eats aux v\u00f4tres.<\/p><p>Au-del\u00e0 des solutions pr\u00e9conis\u00e9es, notre priorit\u00e9 est de vous fournir un accompagnement de proximit\u00e9 afin d&rsquo;atteindre vos objectifs.<\/p><p>Nous voulons construire une relation florissante et durable bas\u00e9e sur la confiance entre nos clients, nos collaborateurs et nos partenaires.\u00a0<\/p>\t\t\t\t\t\t<\/div>\n\t\t\t\t<\/div>\n\t\t\t\t<div class=\"elementor-element elementor-element-9dc3479 elementor-hidden-mobile elementor-widget elementor-widget-spacer\" data-id=\"9dc3479\" data-element_type=\"widget\" data-widget_type=\"spacer.default\">\n\t\t\t\t<div class=\"elementor-widget-container\">\n\t\t\t\t\t<div class=\"elementor-spacer\">\n\t\t\t<div class=\"elementor-spacer-inner\"><\/div>\n\t\t<\/div>\n\t\t\t\t<\/div>\n\t\t\t\t<\/div>\n\t\t\t\t\t<\/div>\n\t\t<\/div>\n\t\t\t\t\t\t\t<\/div>\n\t\t<\/section>\n\t\t\t\t<section class=\"elementor-section elementor-top-section elementor-element elementor-element-ebd805d elementor-section-boxed elementor-section-height-default elementor-section-height-default\" data-id=\"ebd805d\" data-element_type=\"section\" data-settings=\"{&quot;background_background&quot;:&quot;classic&quot;}\">\n\t\t\t\t\t\t<div class=\"elementor-container elementor-column-gap-default\">\n\t\t\t\t\t<div class=\"elementor-column elementor-col-100 elementor-top-column elementor-element elementor-element-8c73c4f\" data-id=\"8c73c4f\" data-element_type=\"column\">\n\t\t\t<div class=\"elementor-widget-wrap elementor-element-populated\">\n\t\t\t\t\t\t\t\t<div class=\"elementor-element elementor-element-77a8f82 elementor-widget elementor-widget-image\" data-id=\"77a8f82\" data-element_type=\"widget\" data-widget_type=\"image.default\">\n\t\t\t\t<div class=\"elementor-widget-container\">\n\t\t\t\t\t\t\t\t\t\t\t\t<figure class=\"wp-caption\">\n\t\t\t\t\t\t\t\t\t\t<img decoding=\"async\" width=\"300\" height=\"241\" src=\"https:\/\/www.wefa-agency.com\/wp-content\/uploads\/2021\/11\/IMG_20210715_140246-300x241.jpg\" class=\"attachment-medium size-medium wp-image-1104\" alt=\"\" srcset=\"https:\/\/www.wefa-agency.com\/wp-content\/uploads\/2021\/11\/IMG_20210715_140246-300x241.jpg 300w, https:\/\/www.wefa-agency.com\/wp-content\/uploads\/2021\/11\/IMG_20210715_140246-1024x821.jpg 1024w, https:\/\/www.wefa-agency.com\/wp-content\/uploads\/2021\/11\/IMG_20210715_140246-768x616.jpg 768w, https:\/\/www.wefa-agency.com\/wp-content\/uploads\/2021\/11\/IMG_20210715_140246-1536x1231.jpg 1536w, https:\/\/www.wefa-agency.com\/wp-content\/uploads\/2021\/11\/IMG_20210715_140246-2048x1642.jpg 2048w\" sizes=\"(max-width: 300px) 100vw, 300px\" \/>\t\t\t\t\t\t\t\t\t\t\t<figcaption class=\"widget-image-caption wp-caption-text\">Yan MBOG NTAMAG, Fondateur de WEFA<\/figcaption>\n\t\t\t\t\t\t\t\t\t\t<\/figure>\n\t\t\t\t\t\t\t\t\t<\/div>\n\t\t\t\t<\/div>\n\t\t\t\t<div class=\"elementor-element elementor-element-a42e72c elementor-widget elementor-widget-text-editor\" data-id=\"a42e72c\" data-element_type=\"widget\" data-widget_type=\"text-editor.default\">\n\t\t\t\t<div class=\"elementor-widget-container\">\n\t\t\t\t\t\t\t<p><span style=\"font-family: 'Open Sans', sans-serif; font-size: 14px; font-style: normal; font-variant-ligatures: normal; font-variant-caps: normal; font-weight: 400; background-color: #f1fbff;\">\u00a0\u00ab\u00a0Fort d&rsquo;une solide exp\u00e9rience, j&rsquo;ai cr\u00e9e WEFA pour WEalth For All (= Patrimoine pour tous) pour vous apporter la vision et l&rsquo;expertise dont vous avez besoin.\u00a0\u00bb<\/span><\/p>\t\t\t\t\t\t<\/div>\n\t\t\t\t<\/div>\n\t\t\t\t<div class=\"elementor-element elementor-element-50b81a1 elementor-widget elementor-widget-spacer\" data-id=\"50b81a1\" data-element_type=\"widget\" data-widget_type=\"spacer.default\">\n\t\t\t\t<div class=\"elementor-widget-container\">\n\t\t\t\t\t<div class=\"elementor-spacer\">\n\t\t\t<div class=\"elementor-spacer-inner\"><\/div>\n\t\t<\/div>\n\t\t\t\t<\/div>\n\t\t\t\t<\/div>\n\t\t\t\t\t<\/div>\n\t\t<\/div>\n\t\t\t\t\t\t\t<\/div>\n\t\t<\/section>\n\t\t\t\t\t\t\t<\/div>\n\t\t","protected":false},"excerpt":{"rendered":"<p>UN MOT SUR LE CABINET Le cabinet WEFA a \u00e9t\u00e9 con\u00e7u pour d\u00e9livrer une expertise quel que soit votre statut, votre niveau de r\u00e9mun\u00e9ration ou vos besoins. Ainsi se mat\u00e9rialise la vision novatrice port\u00e9e par le fondateur et les experts ayant exerc\u00e9 par les plus gros cabinets de conseil fran\u00e7ais.\u00a0 Ce d\u00e9nominateur commun ayant men\u00e9 [&hellip;]<\/p>\n","protected":false},"author":1,"featured_media":0,"parent":0,"menu_order":0,"comment_status":"closed","ping_status":"closed","template":"","meta":{"ocean_post_layout":"full-screen","ocean_both_sidebars_style":"","ocean_both_sidebars_content_width":0,"ocean_both_sidebars_sidebars_width":0,"ocean_sidebar":"0","ocean_second_sidebar":"0","ocean_disable_margins":"on","ocean_add_body_class":"","ocean_shortcode_before_top_bar":"","ocean_shortcode_after_top_bar":"","ocean_shortcode_before_header":"","ocean_shortcode_after_header":"","ocean_has_shortcode":"","ocean_shortcode_after_title":"","ocean_shortcode_before_footer_widgets":"","ocean_shortcode_after_footer_widgets":"","ocean_shortcode_before_footer_bottom":"","ocean_shortcode_after_footer_bottom":"","ocean_display_top_bar":"default","ocean_display_header":"default","ocean_header_style":"","ocean_center_header_left_menu":"0","ocean_custom_header_template":"0","ocean_custom_logo":0,"ocean_custom_retina_logo":0,"ocean_custom_logo_max_width":0,"ocean_custom_logo_tablet_max_width":0,"ocean_custom_logo_mobile_max_width":0,"ocean_custom_logo_max_height":0,"ocean_custom_logo_tablet_max_height":0,"ocean_custom_logo_mobile_max_height":0,"ocean_header_custom_menu":"0","ocean_menu_typo_font_family":"0","ocean_menu_typo_font_subset":"","ocean_menu_typo_font_size":0,"ocean_menu_typo_font_size_tablet":0,"ocean_menu_typo_font_size_mobile":0,"ocean_menu_typo_font_size_unit":"px","ocean_menu_typo_font_weight":"","ocean_menu_typo_font_weight_tablet":"","ocean_menu_typo_font_weight_mobile":"","ocean_menu_typo_transform":"","ocean_menu_typo_transform_tablet":"","ocean_menu_typo_transform_mobile":"","ocean_menu_typo_line_height":0,"ocean_menu_typo_line_height_tablet":0,"ocean_menu_typo_line_height_mobile":0,"ocean_menu_typo_line_height_unit":"","ocean_menu_typo_spacing":0,"ocean_menu_typo_spacing_tablet":0,"ocean_menu_typo_spacing_mobile":0,"ocean_menu_typo_spacing_unit":"","ocean_menu_link_color":"","ocean_menu_link_color_hover":"","ocean_menu_link_color_active":"","ocean_menu_link_background":"","ocean_menu_link_hover_background":"","ocean_menu_link_active_background":"","ocean_menu_social_links_bg":"","ocean_menu_social_hover_links_bg":"","ocean_menu_social_links_color":"","ocean_menu_social_hover_links_color":"","ocean_disable_title":"on","ocean_disable_heading":"on","ocean_post_title":"","ocean_post_subheading":"","ocean_post_title_style":"background-image","ocean_post_title_background_color":"","ocean_post_title_background":304,"ocean_post_title_bg_image_position":"","ocean_post_title_bg_image_attachment":"","ocean_post_title_bg_image_repeat":"","ocean_post_title_bg_image_size":"","ocean_post_title_height":150,"ocean_post_title_bg_overlay":1,"ocean_post_title_bg_overlay_color":"#f1fbff","ocean_disable_breadcrumbs":"off","ocean_breadcrumbs_color":"","ocean_breadcrumbs_separator_color":"","ocean_breadcrumbs_links_color":"","ocean_breadcrumbs_links_hover_color":"","ocean_display_footer_widgets":"default","ocean_display_footer_bottom":"default","ocean_custom_footer_template":"0","footnotes":""},"class_list":["post-189","page","type-page","status-publish","hentry","entry"],"yoast_head":"<!-- This site is optimized with the Yoast SEO plugin v18.1 - https:\/\/yoast.com\/wordpress\/plugins\/seo\/ -->\n<title>LE CABINET - WEFA AGENCY<\/title>\n<meta name=\"robots\" content=\"index, follow, max-snippet:-1, max-image-preview:large, max-video-preview:-1\" \/>\n<link rel=\"canonical\" href=\"https:\/\/www.wefa-agency.com\/?page_id=189\" \/>\n<meta property=\"og:locale\" content=\"fr_FR\" \/>\n<meta property=\"og:type\" content=\"article\" \/>\n<meta property=\"og:title\" content=\"LE CABINET - WEFA AGENCY\" \/>\n<meta property=\"og:description\" content=\"UN MOT SUR LE CABINET Le cabinet WEFA a \u00e9t\u00e9 con\u00e7u pour d\u00e9livrer une expertise quel que soit votre statut, votre niveau de r\u00e9mun\u00e9ration ou vos besoins. Ainsi se mat\u00e9rialise la vision novatrice port\u00e9e par le fondateur et les experts ayant exerc\u00e9 par les plus gros cabinets de conseil fran\u00e7ais.\u00a0 Ce d\u00e9nominateur commun ayant men\u00e9 [&hellip;]\" \/>\n<meta property=\"og:url\" content=\"https:\/\/www.wefa-agency.com\/?page_id=189\" \/>\n<meta property=\"og:site_name\" content=\"WEFA AGENCY\" \/>\n<meta property=\"article:modified_time\" content=\"2021-11-24T23:55:48+00:00\" \/>\n<meta property=\"og:image\" content=\"http:\/\/www.wefa-agency.com\/wp-content\/uploads\/2021\/10\/fisherman-4694622_1920-1-1024x683.jpg\" \/>\n<meta name=\"twitter:card\" content=\"summary_large_image\" \/>\n<meta name=\"twitter:label1\" content=\"Dur\u00e9e de lecture estim\u00e9e\" \/>\n\t<meta name=\"twitter:data1\" content=\"1 minute\" \/>\n<script type=\"application\/ld+json\" class=\"yoast-schema-graph\">{\"@context\":\"https:\/\/schema.org\",\"@graph\":[{\"@type\":\"WebSite\",\"@id\":\"https:\/\/www.wefa-agency.com\/#website\",\"url\":\"https:\/\/www.wefa-agency.com\/\",\"name\":\"WEFA AGENCY\",\"description\":\"Cabinet de gestion de patrimoine\",\"potentialAction\":[{\"@type\":\"SearchAction\",\"target\":{\"@type\":\"EntryPoint\",\"urlTemplate\":\"https:\/\/www.wefa-agency.com\/?s={search_term_string}\"},\"query-input\":\"required name=search_term_string\"}],\"inLanguage\":\"fr-FR\"},{\"@type\":\"ImageObject\",\"@id\":\"https:\/\/www.wefa-agency.com\/?page_id=189#primaryimage\",\"inLanguage\":\"fr-FR\",\"url\":\"http:\/\/www.wefa-agency.com\/wp-content\/uploads\/2021\/10\/fisherman-4694622_1920-1-1024x683.jpg\",\"contentUrl\":\"http:\/\/www.wefa-agency.com\/wp-content\/uploads\/2021\/10\/fisherman-4694622_1920-1-1024x683.jpg\"},{\"@type\":\"WebPage\",\"@id\":\"https:\/\/www.wefa-agency.com\/?page_id=189#webpage\",\"url\":\"https:\/\/www.wefa-agency.com\/?page_id=189\",\"name\":\"LE CABINET - WEFA AGENCY\",\"isPartOf\":{\"@id\":\"https:\/\/www.wefa-agency.com\/#website\"},\"primaryImageOfPage\":{\"@id\":\"https:\/\/www.wefa-agency.com\/?page_id=189#primaryimage\"},\"datePublished\":\"2016-05-08T15:22:51+00:00\",\"dateModified\":\"2021-11-24T23:55:48+00:00\",\"breadcrumb\":{\"@id\":\"https:\/\/www.wefa-agency.com\/?page_id=189#breadcrumb\"},\"inLanguage\":\"fr-FR\",\"potentialAction\":[{\"@type\":\"ReadAction\",\"target\":[\"https:\/\/www.wefa-agency.com\/?page_id=189\"]}]},{\"@type\":\"BreadcrumbList\",\"@id\":\"https:\/\/www.wefa-agency.com\/?page_id=189#breadcrumb\",\"itemListElement\":[{\"@type\":\"ListItem\",\"position\":1,\"name\":\"Accueil\",\"item\":\"https:\/\/www.wefa-agency.com\/\"},{\"@type\":\"ListItem\",\"position\":2,\"name\":\"LE CABINET\"}]}]}<\/script>\n<!-- \/ Yoast SEO plugin. -->","yoast_head_json":{"title":"LE CABINET - WEFA AGENCY","robots":{"index":"index","follow":"follow","max-snippet":"max-snippet:-1","max-image-preview":"max-image-preview:large","max-video-preview":"max-video-preview:-1"},"canonical":"https:\/\/www.wefa-agency.com\/?page_id=189","og_locale":"fr_FR","og_type":"article","og_title":"LE CABINET - WEFA AGENCY","og_description":"UN MOT SUR LE CABINET Le cabinet WEFA a \u00e9t\u00e9 con\u00e7u pour d\u00e9livrer une expertise quel que soit votre statut, votre niveau de r\u00e9mun\u00e9ration ou vos besoins. Ainsi se mat\u00e9rialise la vision novatrice port\u00e9e par le fondateur et les experts ayant exerc\u00e9 par les plus gros cabinets de conseil fran\u00e7ais.\u00a0 Ce d\u00e9nominateur commun ayant men\u00e9 [&hellip;]","og_url":"https:\/\/www.wefa-agency.com\/?page_id=189","og_site_name":"WEFA AGENCY","article_modified_time":"2021-11-24T23:55:48+00:00","og_image":[{"url":"http:\/\/www.wefa-agency.com\/wp-content\/uploads\/2021\/10\/fisherman-4694622_1920-1-1024x683.jpg"}],"twitter_card":"summary_large_image","twitter_misc":{"Dur\u00e9e de lecture estim\u00e9e":"1 minute"},"schema":{"@context":"https:\/\/schema.org","@graph":[{"@type":"WebSite","@id":"https:\/\/www.wefa-agency.com\/#website","url":"https:\/\/www.wefa-agency.com\/","name":"WEFA AGENCY","description":"Cabinet de gestion de patrimoine","potentialAction":[{"@type":"SearchAction","target":{"@type":"EntryPoint","urlTemplate":"https:\/\/www.wefa-agency.com\/?s={search_term_string}"},"query-input":"required name=search_term_string"}],"inLanguage":"fr-FR"},{"@type":"ImageObject","@id":"https:\/\/www.wefa-agency.com\/?page_id=189#primaryimage","inLanguage":"fr-FR","url":"http:\/\/www.wefa-agency.com\/wp-content\/uploads\/2021\/10\/fisherman-4694622_1920-1-1024x683.jpg","contentUrl":"http:\/\/www.wefa-agency.com\/wp-content\/uploads\/2021\/10\/fisherman-4694622_1920-1-1024x683.jpg"},{"@type":"WebPage","@id":"https:\/\/www.wefa-agency.com\/?page_id=189#webpage","url":"https:\/\/www.wefa-agency.com\/?page_id=189","name":"LE CABINET - WEFA AGENCY","isPartOf":{"@id":"https:\/\/www.wefa-agency.com\/#website"},"primaryImageOfPage":{"@id":"https:\/\/www.wefa-agency.com\/?page_id=189#primaryimage"},"datePublished":"2016-05-08T15:22:51+00:00","dateModified":"2021-11-24T23:55:48+00:00","breadcrumb":{"@id":"https:\/\/www.wefa-agency.com\/?page_id=189#breadcrumb"},"inLanguage":"fr-FR","potentialAction":[{"@type":"ReadAction","target":["https:\/\/www.wefa-agency.com\/?page_id=189"]}]},{"@type":"BreadcrumbList","@id":"https:\/\/www.wefa-agency.com\/?page_id=189#breadcrumb","itemListElement":[{"@type":"ListItem","position":1,"name":"Accueil","item":"https:\/\/www.wefa-agency.com\/"},{"@type":"ListItem","position":2,"name":"LE CABINET"}]}]}},"_links":{"self":[{"href":"https:\/\/www.wefa-agency.com\/index.php?rest_route=\/wp\/v2\/pages\/189","targetHints":{"allow":["GET"]}}],"collection":[{"href":"https:\/\/www.wefa-agency.com\/index.php?rest_route=\/wp\/v2\/pages"}],"about":[{"href":"https:\/\/www.wefa-agency.com\/index.php?rest_route=\/wp\/v2\/types\/page"}],"author":[{"embeddable":true,"href":"https:\/\/www.wefa-agency.com\/index.php?rest_route=\/wp\/v2\/users\/1"}],"replies":[{"embeddable":true,"href":"https:\/\/www.wefa-agency.com\/index.php?rest_route=%2Fwp%2Fv2%2Fcomments&post=189"}],"version-history":[{"count":44,"href":"https:\/\/www.wefa-agency.com\/index.php?rest_route=\/wp\/v2\/pages\/189\/revisions"}],"predecessor-version":[{"id":1123,"href":"https:\/\/www.wefa-agency.com\/index.php?rest_route=\/wp\/v2\/pages\/189\/revisions\/1123"}],"wp:attachment":[{"href":"https:\/\/www.wefa-agency.com\/index.php?rest_route=%2Fwp%2Fv2%2Fmedia&parent=189"}],"curies":[{"name":"wp","href":"https:\/\/api.w.org\/{rel}","templated":true}]}}